{"id":2,"date":"2025-07-26T09:11:59","date_gmt":"2025-07-26T09:11:59","guid":{"rendered":"https:\/\/fiktiofabrika.com\/?page_id=2"},"modified":"2025-09-17T13:14:21","modified_gmt":"2025-09-17T13:14:21","slug":"sample-page","status":"publish","type":"page","link":"https:\/\/fiktiofabrika.com\/index.php\/sample-page\/","title":{"rendered":"Minusta"},"content":{"rendered":"\n<figure class=\"wp-block-image size-full is-resized\"><img loading=\"lazy\" decoding=\"async\" width=\"508\" height=\"768\" src=\"https:\/\/fiktiofabrika.com\/wp-content\/uploads\/2025\/09\/WhatsApp-Image-2025-06-30-at-23.06.49.jpeg\" alt=\"\" class=\"wp-image-209\" style=\"width:188px;height:auto\" srcset=\"https:\/\/fiktiofabrika.com\/wp-content\/uploads\/2025\/09\/WhatsApp-Image-2025-06-30-at-23.06.49.jpeg 508w, https:\/\/fiktiofabrika.com\/wp-content\/uploads\/2025\/09\/WhatsApp-Image-2025-06-30-at-23.06.49-198x300.jpeg 198w, https:\/\/fiktiofabrika.com\/wp-content\/uploads\/2025\/09\/WhatsApp-Image-2025-06-30-at-23.06.49-400x605.jpeg 400w\" sizes=\"auto, (max-width: 508px) 100vw, 508px\" \/><\/figure>\n\n\n\n<p>Oman el\u00e4m\u00e4n kaaos!&nbsp;<\/p>\n\n\n\n<p>Sekavista p\u00e4ivist\u00e4, sekavaa kirjoitusta.<\/p>\n\n\n\n<p>Kirjoittajana Pete H jolla ADHD?\/ADD, rajatilatapaus. N\u00e4in kirjattu joskus kirjoihin, ja kansiin (eli diagnosoitu). L\u00e4\u00e4k\u00e4ri sanoi viime vuonna, ettei sellaista en\u00e4\u00e4 m\u00e4\u00e4ritell\u00e4, vaan se menee ADHD.na. Sit\u00e4 ei viel\u00e4 ole virallisesti diagnosoitu. 3 masennusjaksoa, joista t\u00e4m\u00e4 kolmas on parhaillaan l\u00e4\u00e4kityksess\u00e4. Tutkitaan, hutkitaan josko saisi ADHD l\u00e4\u00e4kityksen, kun ADHD.n on osoitettu aiheuttavan masennusta. Psykoterapia jaksoa yritt\u00e4ess\u00e4 vuonna 2016 ainoastaan yksi ammatinharjoittaja otti minut vastaan, sanoi aloittavansa terapian kanssani. Mutta laittoi samana iltana s\u00e4hk\u00f6postin, ettei voikkaan aloittaa. Toisella kerralla vuonna 2024 psykoterapia aloitettiin, jota en sitten itse jaksanut kovin pitk\u00e4\u00e4n. Tules vaivainen, nivelet tekoniveli\u00e4 vaille, osa jo vaihdettukkin. <\/p>\n\n\n<div class=\"wpcf7 no-js\" id=\"wpcf7-f5-o1\" lang=\"fi\" dir=\"ltr\" data-wpcf7-id=\"5\">\n<div class=\"screen-reader-response\"><p role=\"status\" aria-live=\"polite\" aria-atomic=\"true\"><\/p> <ul><\/ul><\/div>\n<form action=\"\/index.php\/wp-json\/wp\/v2\/pages\/2#wpcf7-f5-o1\" method=\"post\" class=\"wpcf7-form init\" aria-label=\"Yhteydenottolomake\" novalidate=\"novalidate\" data-status=\"init\">\n<fieldset class=\"hidden-fields-container\"><input type=\"hidden\" name=\"_wpcf7\" value=\"5\" \/><input type=\"hidden\" name=\"_wpcf7_version\" value=\"6.1.5\" \/><input type=\"hidden\" name=\"_wpcf7_locale\" value=\"fi\" \/><input type=\"hidden\" name=\"_wpcf7_unit_tag\" value=\"wpcf7-f5-o1\" \/><input type=\"hidden\" name=\"_wpcf7_container_post\" value=\"0\" \/><input type=\"hidden\" name=\"_wpcf7_posted_data_hash\" value=\"\" \/>\n<\/fieldset>\n<p><label> Nimesi<br \/>\n<span class=\"wpcf7-form-control-wrap\" data-name=\"your-name\"><input size=\"40\" maxlength=\"400\" class=\"wpcf7-form-control wpcf7-text wpcf7-validates-as-required\" autocomplete=\"name\" aria-required=\"true\" aria-invalid=\"false\" value=\"\" type=\"text\" name=\"your-name\" \/><\/span> <\/label>\n<\/p>\n<p><label> S\u00e4hk\u00f6postiosoitteesi (valinnainen)<br \/>\n<span class=\"wpcf7-form-control-wrap\" data-name=\"your-email\"><input size=\"40\" maxlength=\"400\" class=\"wpcf7-form-control wpcf7-email wpcf7-validates-as-required wpcf7-text wpcf7-validates-as-email\" autocomplete=\"email\" aria-required=\"true\" aria-invalid=\"false\" value=\"\" type=\"email\" name=\"your-email\" \/><\/span> <\/label>\n<\/p>\n<p><label> Aihe<br \/>\n<span class=\"wpcf7-form-control-wrap\" data-name=\"your-subject\"><input size=\"40\" maxlength=\"400\" class=\"wpcf7-form-control wpcf7-text wpcf7-validates-as-required\" aria-required=\"true\" aria-invalid=\"false\" value=\"\" type=\"text\" name=\"your-subject\" \/><\/span> <\/label>\n<\/p>\n<p><label> Viestisi (valinnainen)<br \/>\n<span class=\"wpcf7-form-control-wrap\" data-name=\"your-message\"><textarea cols=\"40\" rows=\"10\" maxlength=\"2000\" class=\"wpcf7-form-control wpcf7-textarea\" aria-invalid=\"false\" name=\"your-message\"><\/textarea><\/span> <\/label>\n<\/p>\n<p><input class=\"wpcf7-form-control wpcf7-submit has-spinner\" type=\"submit\" value=\"L\u00e4het\u00e4\" \/>\n<\/p><p style=\"display: none !important;\" class=\"akismet-fields-container\" data-prefix=\"_wpcf7_ak_\"><label>&#916;<textarea name=\"_wpcf7_ak_hp_textarea\" cols=\"45\" rows=\"8\" maxlength=\"100\"><\/textarea><\/label><input type=\"hidden\" id=\"ak_js_1\" name=\"_wpcf7_ak_js\" value=\"208\"\/><script>document.getElementById( \"ak_js_1\" ).setAttribute( \"value\", ( new Date() ).getTime() );<\/script><\/p><div class=\"wpcf7-response-output\" aria-hidden=\"true\"><\/div>\n<\/form>\n<\/div>\n\n\n<p><\/p>\n","protected":false},"excerpt":{"rendered":"<p>Oman el\u00e4m\u00e4n kaaos!&nbsp; Sekavista p\u00e4ivist\u00e4, sekavaa kirjoitusta. Kirjoittajana Pete H jolla ADHD?\/ADD, rajatilatapaus. N\u00e4in kirjattu joskus kirjoihin, ja kansiin (eli diagnosoitu). L\u00e4\u00e4k\u00e4ri sanoi viime vuonna, ettei sellaista en\u00e4\u00e4 m\u00e4\u00e4ritell\u00e4, vaan se menee ADHD.na. Sit\u00e4 ei viel\u00e4 ole virallisesti diagnosoitu. 3 masennusjaksoa, joista t\u00e4m\u00e4 kolmas on parhaillaan l\u00e4\u00e4kityksess\u00e4. Tutkitaan, hutkitaan josko saisi ADHD l\u00e4\u00e4kityksen, kun ADHD.n [&hellip;]<\/p>\n","protected":false},"author":1,"featured_media":0,"parent":0,"menu_order":0,"comment_status":"closed","ping_status":"open","template":"","meta":{"om_disable_all_campaigns":false,"footnotes":""},"class_list":["post-2","page","type-page","status-publish","hentry","missing-thumbnail"],"aioseo_notices":[],"_links":{"self":[{"href":"https:\/\/fiktiofabrika.com\/index.php\/wp-json\/wp\/v2\/pages\/2","targetHints":{"allow":["GET"]}}],"collection":[{"href":"https:\/\/fiktiofabrika.com\/index.php\/wp-json\/wp\/v2\/pages"}],"about":[{"href":"https:\/\/fiktiofabrika.com\/index.php\/wp-json\/wp\/v2\/types\/page"}],"author":[{"embeddable":true,"href":"https:\/\/fiktiofabrika.com\/index.php\/wp-json\/wp\/v2\/users\/1"}],"replies":[{"embeddable":true,"href":"https:\/\/fiktiofabrika.com\/index.php\/wp-json\/wp\/v2\/comments?post=2"}],"version-history":[{"count":3,"href":"https:\/\/fiktiofabrika.com\/index.php\/wp-json\/wp\/v2\/pages\/2\/revisions"}],"predecessor-version":[{"id":268,"href":"https:\/\/fiktiofabrika.com\/index.php\/wp-json\/wp\/v2\/pages\/2\/revisions\/268"}],"wp:attachment":[{"href":"https:\/\/fiktiofabrika.com\/index.php\/wp-json\/wp\/v2\/media?parent=2"}],"curies":[{"name":"wp","href":"https:\/\/api.w.org\/{rel}","templated":true}]}}